{"id":1050,"date":"2021-12-23T11:32:05","date_gmt":"2021-12-23T10:32:05","guid":{"rendered":"https:\/\/www.tivolivalthorens.com\/?page_id=1050"},"modified":"2021-12-23T13:59:43","modified_gmt":"2021-12-23T12:59:43","slug":"menu","status":"publish","type":"page","link":"\/en\/menu\/","title":{"rendered":"Menu"},"content":{"rendered":"<div class=\"wpb-content-wrapper\"><p>[vc_row row_height_percent=&#8221;33&#8243; back_color=&#8221;color-154067&#8243; back_image=&#8221;83&#8243; back_repeat=&#8221;repeat&#8221; back_position=&#8221;center center&#8221; overlay_color=&#8221;color-rgdb&#8221; overlay_alpha=&#8221;85&#8243; equal_height=&#8221;yes&#8221; gutter_size=&#8221;0&#8243; column_width_use_pixel=&#8221;yes&#8221; shift_y=&#8221;0&#8243; z_index=&#8221;0&#8243; row_name=&#8221;Welcome&#8221; uncode_shortcode_id=&#8221;181296&#8243; back_color_type=&#8221;uncode-palette&#8221; overlay_color_type=&#8221;uncode-palette&#8221; back_size=&#8221;794px 1111px&#8221;][vc_column column_width_use_pixel=&#8221;yes&#8221; position_vertical=&#8221;middle&#8221; align_horizontal=&#8221;align_center&#8221; gutter_size=&#8221;3&#8243; style=&#8221;dark&#8221; overlay_alpha=&#8221;50&#8243; shift_x=&#8221;0&#8243; shift_y=&#8221;0&#8243; shift_y_down=&#8221;0&#8243; z_index=&#8221;0&#8243; medium_width=&#8221;0&#8243; mobile_width=&#8221;0&#8243; width=&#8221;1\/1&#8243;][vc_row_inner row_inner_height_percent=&#8221;0&#8243; overlay_alpha=&#8221;50&#8243; gutter_size=&#8221;3&#8243; shift_y=&#8221;0&#8243; z_index=&#8221;0&#8243;][vc_column_inner column_width_use_pixel=&#8221;yes&#8221; position_vertical=&#8221;middle&#8221; align_horizontal=&#8221;align_center&#8221; gutter_size=&#8221;3&#8243; style=&#8221;dark&#8221; overlay_alpha=&#8221;50&#8243; shift_x=&#8221;0&#8243; shift_y=&#8221;0&#8243; shift_y_down=&#8221;0&#8243; z_index=&#8221;0&#8243; medium_width=&#8221;0&#8243; mobile_width=&#8221;0&#8243; width=&#8221;1\/1&#8243; column_width_pixel=&#8221;740&#8243;][vc_custom_heading heading_semantic=&#8221;h1&#8243; text_size=&#8221;h1&#8243; css_animation=&#8221;top-t-bottom&#8221; uncode_shortcode_id=&#8221;190347&#8243;]The Tivoli menu[\/vc_custom_heading][vc_column_text text_lead=&#8221;yes&#8221; css_animation=&#8221;bottom-t-top&#8221; animation_delay=&#8221;600&#8243; uncode_shortcode_id=&#8221;931978&#8243;]Discover our simple, tasty, authentic and creative cuisine based on fresh products from our region[\/vc_column_text][vc_empty_space empty_h=&#8221;1&#8243;][\/vc_column_inner][\/vc_row_inner][\/vc_column][\/vc_row][vc_row][vc_column width=&#8221;1\/1&#8243;][uncode_block id=&#8221;1068&#8243;][\/vc_column][\/vc_row][vc_row][vc_column width=&#8221;1\/1&#8243;][uncode_block id=&#8221;1084&#8243;][\/vc_column][\/vc_row][vc_row][vc_column width=&#8221;1\/1&#8243;][uncode_block id=&#8221;1086&#8243;][\/vc_column][\/vc_row][vc_row][vc_column width=&#8221;1\/1&#8243;][uncode_block id=&#8221;1070&#8243;][\/vc_column][\/vc_row][vc_row][vc_column width=&#8221;1\/1&#8243;][uncode_block id=&#8221;1082&#8243;][\/vc_column][\/vc_row][vc_row][vc_column width=&#8221;1\/1&#8243;][uncode_block id=&#8221;1075&#8243;][\/vc_column][\/vc_row][vc_row][vc_column width=&#8221;1\/1&#8243;][uncode_block id=&#8221;1094&#8243;][\/vc_column][\/vc_row][vc_row][vc_column width=&#8221;1\/1&#8243;][uncode_block id=&#8221;1073&#8243;][\/vc_column][\/vc_row][vc_row][vc_column width=&#8221;1\/1&#8243;][uncode_block id=&#8221;1079&#8243;][\/vc_column][\/vc_row][vc_row][vc_column width=&#8221;1\/1&#8243;][uncode_block id=&#8221;1065&#8243;][\/vc_column][\/vc_row][vc_row][vc_column width=&#8221;1\/1&#8243;][uncode_block id=&#8221;1077&#8243;][\/vc_column][\/vc_row][vc_row row_height_percent=&#8221;0&#8243; override_padding=&#8221;yes&#8221; h_padding=&#8221;2&#8243; top_padding=&#8221;2&#8243; bottom_padding=&#8221;2&#8243; overlay_color=&#8221;color-239445&#8243; overlay_alpha=&#8221;15&#8243; gutter_size=&#8221;3&#8243; column_width_percent=&#8221;100&#8243; shift_y=&#8221;0&#8243; z_index=&#8221;0&#8243; uncode_shortcode_id=&#8221;423004&#8243; overlay_color_type=&#8221;uncode-palette&#8221;][vc_column column_width_use_pixel=&#8221;yes&#8221; position_vertical=&#8221;middle&#8221; align_horizontal=&#8221;align_center&#8221; gutter_size=&#8221;3&#8243; overlay_alpha=&#8221;50&#8243; shift_x=&#8221;0&#8243; shift_y=&#8221;0&#8243; shift_y_down=&#8221;0&#8243; z_index=&#8221;0&#8243; medium_width=&#8221;0&#8243; mobile_width=&#8221;0&#8243; width=&#8221;1\/1&#8243; column_width_pixel=&#8221;900&#8243;][vc_column_text uncode_shortcode_id=&#8221;180345&#8243;](*) Can be served for vegetarian[\/vc_column_text][\/vc_column][\/vc_row][vc_row row_height_percent=&#8221;0&#8243; override_padding=&#8221;yes&#8221; h_padding=&#8221;2&#8243; top_padding=&#8221;2&#8243; bottom_padding=&#8221;5&#8243; overlay_color=&#8221;color-239445&#8243; overlay_alpha=&#8221;15&#8243; gutter_size=&#8221;3&#8243; column_width_percent=&#8221;100&#8243; shift_y=&#8221;0&#8243; z_index=&#8221;0&#8243; uncode_shortcode_id=&#8221;198840&#8243; overlay_color_type=&#8221;uncode-palette&#8221;][vc_column column_width_use_pixel=&#8221;yes&#8221; position_vertical=&#8221;middle&#8221; align_horizontal=&#8221;align_center&#8221; gutter_size=&#8221;3&#8243; overlay_alpha=&#8221;50&#8243; shift_x=&#8221;0&#8243; shift_y=&#8221;0&#8243; shift_y_down=&#8221;0&#8243; z_index=&#8221;0&#8243; medium_width=&#8221;0&#8243; mobile_width=&#8221;0&#8243; width=&#8221;1\/1&#8243; column_width_pixel=&#8221;900&#8243;][vc_button button_color=&#8221;accent&#8221; size=&#8221;btn-lg&#8221; outline=&#8221;yes&#8221; shadow=&#8221;yes&#8221; border_width=&#8221;0&#8243; display=&#8221;inline&#8221; link=&#8221;url:%2Fen%2Faccess-and-contact%2F|title:Access%20and%20contact&#8221; button_color_type=&#8221;uncode-palette&#8221; uncode_shortcode_id=&#8221;134219&#8243;]Come to the restaurant[\/vc_button][vc_button button_color=&#8221;accent&#8221; size=&#8221;btn-lg&#8221; shadow=&#8221;yes&#8221; border_width=&#8221;0&#8243; display=&#8221;inline&#8221; link=&#8221;url:tel%3A%2B33-4-79-23-42-06&#8243; button_color_type=&#8221;uncode-palette&#8221; uncode_shortcode_id=&#8221;720877&#8243;]Book a table[\/vc_button][\/vc_column][\/vc_row][vc_row unlock_row_content=&#8221;yes&#8221; row_height_percent=&#8221;100&#8243; override_padding=&#8221;yes&#8221; h_padding=&#8221;0&#8243; top_padding=&#8221;0&#8243; bottom_padding=&#8221;0&#8243; back_color=&#8221;color-xsdn&#8221; overlay_color=&#8221;color-239445&#8243; overlay_alpha=&#8221;5&#8243; equal_height=&#8221;yes&#8221; gutter_size=&#8221;3&#8243; column_width_percent=&#8221;100&#8243; shift_y=&#8221;0&#8243; z_index=&#8221;0&#8243; uncode_shortcode_id=&#8221;114056&#8243; back_color_type=&#8221;uncode-palette&#8221; overlay_color_type=&#8221;uncode-palette&#8221;][vc_column column_width_percent=&#8221;100&#8243; gutter_size=&#8221;3&#8243; expand_height=&#8221;yes&#8221; style=&#8221;dark&#8221; overlay_alpha=&#8221;50&#8243; shift_x=&#8221;0&#8243; shift_y=&#8221;0&#8243; z_index=&#8221;0&#8243; medium_width=&#8221;0&#8243; width=&#8221;1\/1&#8243;][vc_row_inner row_inner_height_percent=&#8221;0&#8243; overlay_alpha=&#8221;50&#8243; equal_height=&#8221;yes&#8221; gutter_size=&#8221;0&#8243; shift_y=&#8221;0&#8243;][vc_column_inner column_width_use_pixel=&#8221;yes&#8221; gutter_size=&#8221;3&#8243; expand_height=&#8221;yes&#8221; back_color=&#8221;color-wayh&#8221; back_image=&#8221;605&#8243; overlay_alpha=&#8221;50&#8243; shift_x=&#8221;0&#8243; shift_y=&#8221;0&#8243; shift_y_down=&#8221;0&#8243; z_index=&#8221;0&#8243; medium_width=&#8221;0&#8243; mobile_width=&#8221;0&#8243; width=&#8221;1\/2&#8243; mobile_height=&#8221;300&#8243; uncode_shortcode_id=&#8221;667002&#8243; back_color_type=&#8221;uncode-palette&#8221;][\/vc_column_inner][vc_column_inner column_width_percent=&#8221;65&#8243; position_vertical=&#8221;middle&#8221; gutter_size=&#8221;3&#8243; override_padding=&#8221;yes&#8221; column_padding=&#8221;3&#8243; overlay_alpha=&#8221;100&#8243; shift_x=&#8221;0&#8243; shift_y=&#8221;0&#8243; shift_y_down=&#8221;0&#8243; z_index=&#8221;0&#8243; medium_width=&#8221;0&#8243; mobile_width=&#8221;0&#8243; css_animation=&#8221;right-t-left&#8221; width=&#8221;1\/2&#8243; uncode_shortcode_id=&#8221;131333&#8243;][vc_custom_heading text_color=&#8221;accent&#8221; heading_semantic=&#8221;h6&#8243; text_size=&#8221;h6&#8243; text_transform=&#8221;uppercase&#8221; uncode_shortcode_id=&#8221;844871&#8243; text_color_type=&#8221;uncode-palette&#8221;]Favor local foods in a short circuit[\/vc_custom_heading][vc_custom_heading heading_semantic=&#8221;h1&#8243; text_size=&#8221;h1&#8243; text_align=&#8221;text-left&#8221; uncode_shortcode_id=&#8221;156212&#8243;]Local products selected for their quality.[\/vc_custom_heading][vc_column_text uncode_shortcode_id=&#8221;383964&#8243;]With us you eat local.<\/p>\n<p>Our cheeses are Savoyard or from our region.<\/p>\n<p>We favor the local in short circuit.<\/p>\n<p>Our Abondance, Beaufort and Raclette cheese wheels are Savoyard and our farmhouse Reblochons are PDO.<\/p>\n<p>We make our fondue with a homemade grated based on Abondance, Beaufort and Emmental for a natural hold and an authentic taste.<\/p>\n<p>We offer three different wheels of raclette, the natural one, with wild garlic, and the Brezain smoke.<\/p>\n<p>You can accompany your fondues and raclettes with cold cuts that we select exclusively in Savoie.<\/p>\n<p>All our meats are of French origin.<\/p>\n<p>Our potatoes for our house fries are grown in the valley near Albertville.<\/p>\n<p>We are committed to choosing local, quality and short-circuit products to offer you the best.<\/p>\n<p>We make our homemade desserts, with suggestions according to the chef&#8217;s wishes: blueberry tart, Tiramisus, cr\u00e8me br\u00fbl\u00e9e, pear almond tarts with Savoy pears &#8230;[\/vc_column_text][\/vc_column_inner][\/vc_row_inner][\/vc_column][\/vc_row][vc_row unlock_row_content=&#8221;yes&#8221; row_height_percent=&#8221;100&#8243; override_padding=&#8221;yes&#8221; h_padding=&#8221;0&#8243; top_padding=&#8221;0&#8243; bottom_padding=&#8221;0&#8243; back_color=&#8221;color-xsdn&#8221; overlay_color=&#8221;color-239445&#8243; overlay_alpha=&#8221;5&#8243; equal_height=&#8221;yes&#8221; gutter_size=&#8221;3&#8243; column_width_percent=&#8221;100&#8243; shift_y=&#8221;0&#8243; z_index=&#8221;0&#8243; uncode_shortcode_id=&#8221;114034&#8243; back_color_type=&#8221;uncode-palette&#8221; overlay_color_type=&#8221;uncode-palette&#8221;][vc_column column_width_percent=&#8221;100&#8243; gutter_size=&#8221;3&#8243; expand_height=&#8221;yes&#8221; style=&#8221;dark&#8221; overlay_alpha=&#8221;50&#8243; shift_x=&#8221;0&#8243; shift_y=&#8221;0&#8243; z_index=&#8221;0&#8243; medium_width=&#8221;0&#8243; width=&#8221;1\/1&#8243;][vc_row_inner row_inner_height_percent=&#8221;0&#8243; overlay_alpha=&#8221;50&#8243; equal_height=&#8221;yes&#8221; gutter_size=&#8221;0&#8243; shift_y=&#8221;0&#8243;][vc_column_inner column_width_percent=&#8221;65&#8243; position_vertical=&#8221;middle&#8221; gutter_size=&#8221;3&#8243; override_padding=&#8221;yes&#8221; column_padding=&#8221;3&#8243; overlay_alpha=&#8221;50&#8243; shift_x=&#8221;0&#8243; shift_y=&#8221;0&#8243; shift_y_down=&#8221;0&#8243; z_index=&#8221;0&#8243; medium_width=&#8221;0&#8243; mobile_width=&#8221;0&#8243; css_animation=&#8221;left-t-right&#8221; width=&#8221;1\/2&#8243; uncode_shortcode_id=&#8221;172702&#8243;][vc_custom_heading text_color=&#8221;accent&#8221; heading_semantic=&#8221;h6&#8243; text_size=&#8221;h6&#8243; text_transform=&#8221;uppercase&#8221; uncode_shortcode_id=&#8221;947812&#8243; text_color_type=&#8221;uncode-palette&#8221;]Simple and authentic cuisine[\/vc_custom_heading][vc_custom_heading heading_semantic=&#8221;h1&#8243; text_size=&#8221;h1&#8243; text_align=&#8221;text-left&#8221; uncode_shortcode_id=&#8221;715204&#8243;]We prepare your dishes with the heart[\/vc_custom_heading][vc_column_text uncode_shortcode_id=&#8221;177667&#8243;]We prepare all our dishes with the heart, with one desire, that you feast on a delicious taste experience, in a moment of sharing and simple, and that you want to come back!<\/p>\n<p>&nbsp;<\/p>\n<p>Tartiflettes made with cow&#8217;s or goat&#8217;s milk.<\/p>\n<p>A homemade crozet risotto or homemade fries will accompany your black angus entrec\u00f4tes.<\/p>\n<p>&nbsp;<\/p>\n<p>Finally, the wine list, in bottle or by glass, combines terroirs and grape varieties from here and elsewhere.<\/p>\n<p>&nbsp;<\/p>\n<p>[\/vc_column_text][\/vc_column_inner][vc_column_inner column_width_use_pixel=&#8221;yes&#8221; gutter_size=&#8221;3&#8243; expand_height=&#8221;yes&#8221; back_color=&#8221;color-wayh&#8221; back_image=&#8221;917&#8243; overlay_alpha=&#8221;50&#8243; shift_x=&#8221;0&#8243; shift_y=&#8221;0&#8243; shift_y_down=&#8221;0&#8243; z_index=&#8221;0&#8243; medium_width=&#8221;0&#8243; mobile_width=&#8221;0&#8243; width=&#8221;1\/2&#8243; mobile_height=&#8221;300&#8243; uncode_shortcode_id=&#8221;163191&#8243; back_color_type=&#8221;uncode-palette&#8221;][\/vc_column_inner][\/vc_row_inner][\/vc_column][\/vc_row]<\/p>\n<\/div>","protected":false},"excerpt":{"rendered":"<p>[vc_row row_height_percent=&#8221;33&#8243; back_color=&#8221;color-154067&#8243; back_image=&#8221;83&#8243; back_repeat=&#8221;repeat&#8221; back_position=&#8221;center center&#8221; overlay_color=&#8221;color-rgdb&#8221; overlay_alpha=&#8221;85&#8243; equal_height=&#8221;yes&#8221; gutter_size=&#8221;0&#8243; column_width_use_pixel=&#8221;yes&#8221; shift_y=&#8221;0&#8243; z_index=&#8221;0&#8243; row_name=&#8221;Welcome&#8221; uncode_shortcode_id=&#8221;181296&#8243; back_color_type=&#8221;uncode-palette&#8221; overlay_color_type=&#8221;uncode-palette&#8221; back_size=&#8221;794px 1111px&#8221;][vc_column [&hellip;]<\/p>\n","protected":false},"author":1,"featured_media":0,"parent":0,"menu_order":0,"comment_status":"closed","ping_status":"closed","template":"","meta":{"footnotes":""},"class_list":["post-1050","page","type-page","status-publish","hentry"],"_links":{"self":[{"href":"\/en\/wp-json\/wp\/v2\/pages\/1050","targetHints":{"allow":["GET"]}}],"collection":[{"href":"\/en\/wp-json\/wp\/v2\/pages"}],"about":[{"href":"\/en\/wp-json\/wp\/v2\/types\/page"}],"author":[{"embeddable":true,"href":"\/en\/wp-json\/wp\/v2\/users\/1"}],"replies":[{"embeddable":true,"href":"\/en\/wp-json\/wp\/v2\/comments?post=1050"}],"version-history":[{"count":9,"href":"\/en\/wp-json\/wp\/v2\/pages\/1050\/revisions"}],"predecessor-version":[{"id":1096,"href":"\/en\/wp-json\/wp\/v2\/pages\/1050\/revisions\/1096"}],"wp:attachment":[{"href":"\/en\/wp-json\/wp\/v2\/media?parent=1050"}],"curies":[{"name":"wp","href":"https:\/\/api.w.org\/{rel}","templated":true}]}}